{"id":154,"date":"2021-12-16T10:49:00","date_gmt":"2021-12-16T10:49:00","guid":{"rendered":"http:\/\/www.archiv.org.lv\/diaspora\/ziverti\/?page_id=154"},"modified":"2026-02-27T09:52:13","modified_gmt":"2026-02-27T07:52:13","slug":"par-izstadi","status":"publish","type":"page","link":"https:\/\/diaspora.arhivi.lv\/ziverti\/par-izstadi\/","title":{"rendered":"Par izst\u0101di"},"content":{"rendered":"\n<h2 class=\"wp-block-heading\" id=\"izmantotie-avoti\">Izmantotie avoti<\/h2>\n\n\n\n<p><strong>LNA Latvijas Valsts arh\u012bvs<\/strong><\/p>\n\n\n\n<p>LNA LVA F. 1996 &#8211; Z\u012bverte Alise (1911 &#8211; 2005), fotogr\u0101fe, Z\u012bverts Manfreds (dz.1925), fotogr\u0101fs, (ASV)\/\u0123imenes fonds<\/p>\n\n\n\n<p>LNA LVA F. 2676 &#8211; Upeniece \u0112v\u012b (dz. 1925), t\u0113lniece<\/p>\n\n\n\n<p><strong>LNA Latvijas Valsts Kinofotofonodokumentu arh\u012bvs<\/strong><\/p>\n\n\n\n<p>LVA_F1996_1v_112P_1_25fps, LVA_F1996_1v_130P1_1_25fps, LVA_F1996_1v_neaprakstits_25fps, LVA_F1996_1v_107P1_1_25fps, LVA_F1996_1v_109P1_1_25fps, LVA_F1996_1v_110P1_1_25fps.<\/p>\n\n\n\n<p><strong>Latvijas Sporta muzeja kr\u0101jums<\/strong><\/p>\n\n\n\n<h2 class=\"wp-block-heading\" id=\"izstadi-veidoja\">Izst\u0101di veidoja<\/h2>\n\n\n\n<p>Agnija Lesni\u010denoka, LNA Latvijas Valsts arh\u012bvs \u2013 dokumentu atlase, teksti, WEB izstr\u0101de, dizains.<\/p>\n\n\n\n<p>Ainars Mazv\u0113rs\u012btis, LNA Latvijas Valsts arh\u012bvs \u2013 WEB nodro\u0161in\u0101jums.<\/p>\n\n\n\n<p>Ilze Ant\u0113na, Latvijas Nacion\u0101lais arh\u012bvs \u2013 tekstu redi\u0123\u0113\u0161ana.<\/p>\n\n\n\n<p><\/p>\n","protected":false},"excerpt":{"rendered":"<p>Izmantotie avoti LNA Latvijas Valsts arh\u012bvs LNA LVA F. 1996 &#8211; Z\u012bverte Alise (1911 &#8211; 2005), fotogr\u0101fe, Z\u012bverts Manfreds (dz.1925), fotogr\u0101fs, (ASV)\/\u0123imenes fonds LNA LVA F. 2676 &#8211; Upeniece \u0112v\u012b (dz. 1925), t\u0113lniece LNA Latvijas Valsts Kinofotofonodokumentu arh\u012bvs LVA_F1996_1v_112P_1_25fps, LVA_F1996_1v_130P1_1_25fps, LVA_F1996_1v_neaprakstits_25fps, LVA_F1996_1v_107P1_1_25fps, LVA_F1996_1v_109P1_1_25fps, LVA_F1996_1v_110P1_1_25fps. Latvijas Sporta muzeja kr\u0101jums Izst\u0101di veidoja Agnija Lesni\u010denoka, LNA Latvijas Valsts &hellip; <\/p>\n<p class=\"link-more\"><a href=\"https:\/\/diaspora.arhivi.lv\/ziverti\/par-izstadi\/\" class=\"more-link\">Read more<span class=\"screen-reader-text\"> &#8220;Par izst\u0101di&#8221;<\/span><\/a><\/p>\n","protected":false},"author":1,"featured_media":0,"parent":0,"menu_order":0,"comment_status":"closed","ping_status":"closed","template":"","meta":{"inspiro_hide_title":false,"footnotes":""},"class_list":["post-154","page","type-page","status-publish","hentry"],"_links":{"self":[{"href":"https:\/\/diaspora.arhivi.lv\/ziverti\/wp-json\/wp\/v2\/pages\/154","targetHints":{"allow":["GET"]}}],"collection":[{"href":"https:\/\/diaspora.arhivi.lv\/ziverti\/wp-json\/wp\/v2\/pages"}],"about":[{"href":"https:\/\/diaspora.arhivi.lv\/ziverti\/wp-json\/wp\/v2\/types\/page"}],"author":[{"embeddable":true,"href":"https:\/\/diaspora.arhivi.lv\/ziverti\/wp-json\/wp\/v2\/users\/1"}],"replies":[{"embeddable":true,"href":"https:\/\/diaspora.arhivi.lv\/ziverti\/wp-json\/wp\/v2\/comments?post=154"}],"version-history":[{"count":8,"href":"https:\/\/diaspora.arhivi.lv\/ziverti\/wp-json\/wp\/v2\/pages\/154\/revisions"}],"predecessor-version":[{"id":1558,"href":"https:\/\/diaspora.arhivi.lv\/ziverti\/wp-json\/wp\/v2\/pages\/154\/revisions\/1558"}],"wp:attachment":[{"href":"https:\/\/diaspora.arhivi.lv\/ziverti\/wp-json\/wp\/v2\/media?parent=154"}],"curies":[{"name":"wp","href":"https:\/\/api.w.org\/{rel}","templated":true}]}}