{"id":19,"date":"2024-08-22T10:06:19","date_gmt":"2024-08-22T07:06:19","guid":{"rendered":"https:\/\/diaspora.arhivi.lv\/silins\/?page_id=19"},"modified":"2024-11-13T14:35:21","modified_gmt":"2024-11-13T12:35:21","slug":"sakums","status":"publish","type":"page","link":"https:\/\/diaspora.arhivi.lv\/silins\/","title":{"rendered":"S\u0101kums"},"content":{"rendered":"\n<div class=\"wp-block-cover alignfull is-light\"><span aria-hidden=\"true\" class=\"wp-block-cover__background has-white-background-color has-background-dim\"><\/span><div class=\"wp-block-cover__inner-container is-layout-flow wp-block-cover-is-layout-flow\">\n<p class=\"has-text-align-center has-large-font-size\">&#8220;Man dara prieku likt cilv\u0113kiem smieties&#8221; &#8211; Uldis Sili\u0146\u0161<\/p>\n\n\n\n<p class=\"has-text-align-center\" style=\"margin-top:var(--wp--preset--spacing--small);margin-bottom:var(--wp--preset--spacing--small);font-size:clamp(15.747px, 0.984rem + ((1vw - 3.2px) * 0.86), 24px);\">Talant\u012bgs dramaturgs, aktieris, re\u017eisors un fe\u013cetonists, kas ar savu humora izj\u016btu pat cauri dr\u016bm\u0101m dien\u0101m un s\u0101p\u012bg\u0101m t\u0113m\u0101m sp\u0113ja likt smaid\u012bt latvie\u0161u trimdas saimei vis\u0101 pla\u0161aj\u0101 pasaul\u0113. Trimdas gar\u012bgo bateriju uzl\u0101d\u0113t\u0101js, kas atst\u0101jis nenov\u0113rt\u0113jamu devumu latvie\u0161u te\u0101tra att\u012bst\u012bb\u0101 trimd\u0101. Liels Latvijas patriots, kas savas dai\u013crades b\u016bt\u012bb\u0101 prim\u0101ri lika sapni par dzimteni. Latvijas Nacion\u0101lais arh\u012bvs pied\u0101v\u0101 iel\u016bkoties Uldim Sili\u0146am velt\u012btaj\u0101 virtu\u0101laj\u0101 izst\u0101d\u0113, iepaz\u012bstot vi\u0146a dz\u012bves gaitas un dai\u013cradi dokument\u0101raj\u0101s liec\u012bb\u0101s.<\/p>\n<\/div><\/div>\n","protected":false},"excerpt":{"rendered":"","protected":false},"author":1,"featured_media":0,"parent":0,"menu_order":0,"comment_status":"closed","ping_status":"closed","template":"","meta":{"footnotes":""},"class_list":["post-19","page","type-page","status-publish","hentry"],"_links":{"self":[{"href":"https:\/\/diaspora.arhivi.lv\/silins\/wp-json\/wp\/v2\/pages\/19","targetHints":{"allow":["GET"]}}],"collection":[{"href":"https:\/\/diaspora.arhivi.lv\/silins\/wp-json\/wp\/v2\/pages"}],"about":[{"href":"https:\/\/diaspora.arhivi.lv\/silins\/wp-json\/wp\/v2\/types\/page"}],"author":[{"embeddable":true,"href":"https:\/\/diaspora.arhivi.lv\/silins\/wp-json\/wp\/v2\/users\/1"}],"replies":[{"embeddable":true,"href":"https:\/\/diaspora.arhivi.lv\/silins\/wp-json\/wp\/v2\/comments?post=19"}],"version-history":[{"count":31,"href":"https:\/\/diaspora.arhivi.lv\/silins\/wp-json\/wp\/v2\/pages\/19\/revisions"}],"predecessor-version":[{"id":833,"href":"https:\/\/diaspora.arhivi.lv\/silins\/wp-json\/wp\/v2\/pages\/19\/revisions\/833"}],"wp:attachment":[{"href":"https:\/\/diaspora.arhivi.lv\/silins\/wp-json\/wp\/v2\/media?parent=19"}],"curies":[{"name":"wp","href":"https:\/\/api.w.org\/{rel}","templated":true}]}}