{"id":113,"date":"2024-08-23T09:36:22","date_gmt":"2024-08-23T06:36:22","guid":{"rendered":"https:\/\/diaspora.arhivi.lv\/silins\/?page_id=113"},"modified":"2025-05-16T08:25:33","modified_gmt":"2025-05-16T05:25:33","slug":"par-izstadi","status":"publish","type":"page","link":"https:\/\/diaspora.arhivi.lv\/silins\/par-izstadi\/","title":{"rendered":"Par izst\u0101di"},"content":{"rendered":"\n<h2 class=\"wp-block-heading\">Izmantotie avoti<\/h2>\n\n\n\n<p><strong>LNA Latvijas Valsts arh\u012bvs<\/strong><\/p>\n\n\n\n<p>LNA LVA F. 2387 &#8211; Sili\u0146\u0161 Uldis (dz. 1930), dramaturgs (Austr\u0101lija) un P\u016bce (dz. Sili\u0146a) Elza (1910-1997), aktrise (ASV)<\/p>\n\n\n\n<p><strong>LNA Latvijas Valsts Kinofotofonodokumentu arh\u012bvs<\/strong><\/p>\n\n\n\n<p>Foto: LNA_KFFDA_F44_3_186851, LNA_KFFDA_F44_3_186853N, LNA_KFFDA_F44_3_186854, LNA_KFFDA_F44_3_186855<\/p>\n\n\n\n<p><strong>Literat\u016bra: <\/strong><\/p>\n\n\n\n<p>U. Sili\u0146\u0161. <em>Zem Dienvidu Krusta: kult\u016brv\u0113sturiskas piez\u012bmes (1950-1993)<\/em>, R\u012bga: Apv\u0101rsnis 2016-2019.<\/p>\n\n\n\n<p>U.Sili\u0146\u0161. <em>Atskat\u012bties, pasmaid\u012bt, (1934-1945)<\/em>: <em>autobiogr\u0101fiskas piez\u012bmes<\/em>, R\u012bga: Zvaigzne ABC, 2015.<\/p>\n\n\n\n<h2 class=\"wp-block-heading\">Izst\u0101des veidot\u0101ji<\/h2>\n\n\n\n<p>Izst\u0101de rad\u012bta pateicoties Agritas Krievi\u0146as Sili\u0146as ierosmei.<\/p>\n\n\n\n<p>Agnija Lesni\u010denoka, LNA Latvijas Valsts arh\u012bvs \u2013 dokumentu atlase, teksti, WEB izstr\u0101de, dizains.<\/p>\n\n\n\n<p>Ilze Ant\u0113na, Latvijas Nacion\u0101lais arh\u012bvs \u2013 tekstu redi\u0123\u0113\u0161ana.<\/p>\n\n\n\n<p>Ainars Mazv\u0113rs\u012btis, LNA Latvijas Valsts arh\u012bvs \u2013 WEB nodro\u0161in\u0101jums.<\/p>\n\n\n\n<h2 class=\"wp-block-heading\">Kontakti:<\/h2>\n\n\n\n<p>agnija.lesnicenoka@arhivi.gov.lv<\/p>\n\n\n\n<p><\/p>\n","protected":false},"excerpt":{"rendered":"<p>Izmantotie avoti LNA Latvijas Valsts arh\u012bvs LNA LVA F. 2387 &#8211; Sili\u0146\u0161 Uldis (dz. 1930), dramaturgs (Austr\u0101lija) un P\u016bce (dz. Sili\u0146a) Elza (1910-1997), aktrise (ASV) LNA Latvijas Valsts Kinofotofonodokumentu arh\u012bvs Foto: LNA_KFFDA_F44_3_186851, LNA_KFFDA_F44_3_186853N, LNA_KFFDA_F44_3_186854, LNA_KFFDA_F44_3_186855 Literat\u016bra: U. Sili\u0146\u0161. Zem Dienvidu Krusta: kult\u016brv\u0113sturiskas piez\u012bmes (1950-1993), R\u012bga: Apv\u0101rsnis 2016-2019. U.Sili\u0146\u0161. Atskat\u012bties, pasmaid\u012bt, (1934-1945): autobiogr\u0101fiskas piez\u012bmes, R\u012bga: Zvaigzne &hellip; <\/p>\n<p class=\"link-more\"><a href=\"https:\/\/diaspora.arhivi.lv\/silins\/par-izstadi\/\" class=\"more-link\">Read more<span class=\"screen-reader-text\"> &#8220;Par izst\u0101di&#8221;<\/span><\/a><\/p>\n","protected":false},"author":1,"featured_media":713,"parent":0,"menu_order":0,"comment_status":"closed","ping_status":"closed","template":"","meta":{"footnotes":""},"class_list":["post-113","page","type-page","status-publish","has-post-thumbnail","hentry"],"_links":{"self":[{"href":"https:\/\/diaspora.arhivi.lv\/silins\/wp-json\/wp\/v2\/pages\/113","targetHints":{"allow":["GET"]}}],"collection":[{"href":"https:\/\/diaspora.arhivi.lv\/silins\/wp-json\/wp\/v2\/pages"}],"about":[{"href":"https:\/\/diaspora.arhivi.lv\/silins\/wp-json\/wp\/v2\/types\/page"}],"author":[{"embeddable":true,"href":"https:\/\/diaspora.arhivi.lv\/silins\/wp-json\/wp\/v2\/users\/1"}],"replies":[{"embeddable":true,"href":"https:\/\/diaspora.arhivi.lv\/silins\/wp-json\/wp\/v2\/comments?post=113"}],"version-history":[{"count":9,"href":"https:\/\/diaspora.arhivi.lv\/silins\/wp-json\/wp\/v2\/pages\/113\/revisions"}],"predecessor-version":[{"id":960,"href":"https:\/\/diaspora.arhivi.lv\/silins\/wp-json\/wp\/v2\/pages\/113\/revisions\/960"}],"wp:featuredmedia":[{"embeddable":true,"href":"https:\/\/diaspora.arhivi.lv\/silins\/wp-json\/wp\/v2\/media\/713"}],"wp:attachment":[{"href":"https:\/\/diaspora.arhivi.lv\/silins\/wp-json\/wp\/v2\/media?parent=113"}],"curies":[{"name":"wp","href":"https:\/\/api.w.org\/{rel}","templated":true}]}}