{"id":433,"date":"2022-08-09T11:58:38","date_gmt":"2022-08-09T11:58:38","guid":{"rendered":"http:\/\/diaspora.arhivi.lv\/karagustekni\/?page_id=433"},"modified":"2022-09-21T07:19:17","modified_gmt":"2022-09-21T07:19:17","slug":"par-izstadi","status":"publish","type":"page","link":"https:\/\/diaspora.arhivi.lv\/karagustekni\/index.php\/par-izstadi\/","title":{"rendered":"Par izst\u0101di"},"content":{"rendered":"\n<h2 class=\"has-text-color wp-block-heading\" style=\"color:#033e5f\">Izmantotie avoti<\/h2>\n\n\n\n<p><strong>LNA Latvijas Valsts arh\u012bvs<\/strong><\/p>\n\n\n\n<p>LNA LVA F. 2176, 2-v &#8211; \u0160ilde \u0100dolfs (1907-1990), jurists, v\u0113sturnieks, (V\u0101cija) \/ priv\u0101tarh\u012bvs, Latvijas Sarkan\u0101 krusta dokumenti.<\/p>\n\n\n\n<p>LNA LVA F. 2250 &#8211; Trimdas latvie\u0161u dokumenti.<\/p>\n\n\n\n<p>LNA LVA F. 2552 &#8211; Daugavas Vanagu Centr\u0101l\u0101 valde (Lielbrit\u0101nija).<\/p>\n\n\n\n<p>LNA LVA F. 2263 &#8211; Zari\u0146\u0161 K\u0101rlis (1879-1963), Latvijas s\u016btnis Lielbrit\u0101nij\u0101, \u0101rk\u0101rt\u0113jo pilnvaru nes\u0113js, Zari\u0146a Marie Anna (1927-2004), sabiedrisk\u0101 darbiniece (Lielbrit\u0101nija).<\/p>\n\n\n\n<p>LNA LVA F. 2229 &#8211; Zvirbule (Vidnere) Zigr\u012bda (dz.1926), kult\u016bras un sabiedrisk\u0101 darbiniece, (ASV).<\/p>\n\n\n\n<p>LNA LVA F. 2040 &#8211; Balodis Osvalds (1924-2005), sabiedriskais darbinieks, (V\u0101cija).<\/p>\n\n\n\n<p>LNA LVA F. 2322 &#8211; B\u0113rzi\u0146\u0161 Alfr\u0113ds J\u0101nis (1920-2011), sabiedriskais darbinieks, Daugavas Vanagu organiz\u0101cijas  \u0123ener\u0101lsekret\u0101rs, (V\u0101cija).<\/p>\n\n\n\n<p>LNA LVA F. 2303 &#8211; Latvie\u0161u dokument\u0101cijas centrs un arh\u012bvs (Lielbrit\u0101nija).<\/p>\n\n\n\n<p><strong>LNA Latvijas Valsts Kinofotofonodokumentu arh\u012bvs<\/strong><\/p>\n\n\n\n<p>Video &#8211; LNA_KFFDA_F194_1_1021 (&#8220;Ostland Woche&#8221; Nr. 87\/647 &#8211; Latvie\u0161i st\u0101jas le\u0123ion\u0101), LNA_KFFDA_F194_1_976 (&#8220;Ostland Woche&#8221; Nr. 38 &#8211; Latvie\u0161u izpal\u012bgu iera\u0161an\u0101s nometn\u0113. Iet\u0113rp\u0161ana formas t\u0113rpos), LNA_KFFDA_F194_1_981 (&#8220;Ostland Woche&#8221; Nr. 41 &#8211; Latvie\u0161u le\u0123ion\u0101ri nodod zv\u0113restu Liep\u0101j\u0101), LNA_KFFDA_F29_1_46 (Fragments ar Daugavas Vanagu organiz\u0101ciju), LNA_KFFDA_F194_1_1342 (Jaunatne, T\u0113vija sauc!) LNA_KFFDA_F203_1_5331 (Baltie\u0161u izdo\u0161ana 1946. gad\u0101).<\/p>\n\n\n\n<p>Fotogr\u0101fijas &#8211; F181_1_106P, F44_2_190D, F44_2_1125D, F44_2_1352D, F44_3_1473N, F44_3_1475N, F44_3_1477N, F44_3_2388N, <\/p>\n\n\n\n<p><strong>Latvijas Okup\u0101cijas muzeja kr\u0101jums:<\/strong><\/p>\n\n\n\n<p>Video &#8211; OMF 2300\/618,619 (Intervija ar O\u013c\u0123ertu \u0100bramu), OMF 2300\/2186, 2187 (Intervija ar Albertu Imantu B\u0113rzi\u0146u), OMF 2300\/596 (Intervija ar Vili C\u012bpuru), OMF 2300\/1490, 14901 (Intervija ar J\u0101ni \u0160mitu), OMF 2300\/1798-1802 (Intervija ar Edgaru Retiku).<\/p>\n\n\n\n<p><strong>Latvijas Kara muzeja kr\u0101jums:<\/strong><\/p>\n\n\n\n<p>Fotogr\u0101fijas &#8211; LKM 5-9580-734-FT, LKM 5-1923-FT\/p, LKM 5-758-FT\/p, LKM 5-13305-1308-FT, LKM 5-20295-1763-FT, LKM 5-11818-1089-FT, LKM 5-31568-1950-FT, LKM 5-479-FT\/p (2), LKM 5-478-FT\/p, LKM 5-64838, LKM 5-267-FT\/p, LKM 5-298-FT\/p, LKM 5-272-FT\/p (1-2), LKM 5-266-FT\/p, LKM 5-282-FT\/p (1), LKM 5-304-FT\/p, LKM 5-292-FT\/p, LKM 5-279-FT\/p (9), LKM 5-278-FT\/p (1-2), LKM 5-479-FT\/p (3), LKM 5-27543-357-MA, LKM 5-27526-340-MA, LKM 5-27535-349-MA, LKM 5-27548-362-MA, LKM 5-9350 (4)-684-FT, LKM 5-9346 (1)-680-FT, LKM 5-37469-1988-FT, LKM 5-37470-1989-FT, LKM 5-37473-1992-FT, LKM 5-6805-560-FT, LKM 5-9363-697-FT, LKM 5-11116-934-FT.<\/p>\n\n\n\n<h2 class=\"has-text-color wp-block-heading\" style=\"color:#033e5f\">Izst\u0101des veidot\u0101ji<\/h2>\n\n\n\n<p>Agnija Lesni\u010denoka, LNA Latvijas Valsts arh\u012bvs \u2013 dokumentu atlase, teksti, WEB izstr\u0101de, dizains.<\/p>\n\n\n\n<p>Toms T\u0101lbergs, LNA Latvijas Valsts arh\u012bvs \u2013 dokumentu atlase.<\/p>\n\n\n\n<p>Ilze Ant\u0113na, Latvijas Nacion\u0101lais arh\u012bvs \u2013 tekstu redi\u0123\u0113\u0161ana.<\/p>\n\n\n\n<p>Ainars Mazv\u0113rs\u012btis, LNA Latvijas Valsts arh\u012bvs \u2013 WEB nodro\u0161in\u0101jums.<\/p>\n","protected":false},"excerpt":{"rendered":"<p>Izmantotie avoti LNA Latvijas Valsts arh\u012bvs LNA LVA F. 2176, 2-v &#8211; \u0160ilde \u0100dolfs (1907-1990), jurists, v\u0113sturnieks, (V\u0101cija) \/ priv\u0101tarh\u012bvs, Latvijas Sarkan\u0101 krusta dokumenti. LNA LVA F. 2250 &#8211; Trimdas latvie\u0161u dokumenti. LNA LVA F. 2552 &#8211; Daugavas Vanagu Centr\u0101l\u0101 valde (Lielbrit\u0101nija). LNA LVA F. 2263 &#8211; Zari\u0146\u0161 K\u0101rlis (1879-1963), Latvijas s\u016btnis Lielbrit\u0101nij\u0101, \u0101rk\u0101rt\u0113jo pilnvaru &hellip; <\/p>\n<p class=\"link-more\"><a href=\"https:\/\/diaspora.arhivi.lv\/karagustekni\/index.php\/par-izstadi\/\" class=\"more-link\">Read more<span class=\"screen-reader-text\"> &#8220;Par izst\u0101di&#8221;<\/span><\/a><\/p>\n","protected":false},"author":1,"featured_media":0,"parent":0,"menu_order":0,"comment_status":"closed","ping_status":"closed","template":"","meta":{"inspiro_hide_title":false,"footnotes":""},"class_list":["post-433","page","type-page","status-publish","hentry"],"aioseo_notices":[],"_links":{"self":[{"href":"https:\/\/diaspora.arhivi.lv\/karagustekni\/index.php\/wp-json\/wp\/v2\/pages\/433","targetHints":{"allow":["GET"]}}],"collection":[{"href":"https:\/\/diaspora.arhivi.lv\/karagustekni\/index.php\/wp-json\/wp\/v2\/pages"}],"about":[{"href":"https:\/\/diaspora.arhivi.lv\/karagustekni\/index.php\/wp-json\/wp\/v2\/types\/page"}],"author":[{"embeddable":true,"href":"https:\/\/diaspora.arhivi.lv\/karagustekni\/index.php\/wp-json\/wp\/v2\/users\/1"}],"replies":[{"embeddable":true,"href":"https:\/\/diaspora.arhivi.lv\/karagustekni\/index.php\/wp-json\/wp\/v2\/comments?post=433"}],"version-history":[{"count":4,"href":"https:\/\/diaspora.arhivi.lv\/karagustekni\/index.php\/wp-json\/wp\/v2\/pages\/433\/revisions"}],"predecessor-version":[{"id":1966,"href":"https:\/\/diaspora.arhivi.lv\/karagustekni\/index.php\/wp-json\/wp\/v2\/pages\/433\/revisions\/1966"}],"wp:attachment":[{"href":"https:\/\/diaspora.arhivi.lv\/karagustekni\/index.php\/wp-json\/wp\/v2\/media?parent=433"}],"curies":[{"name":"wp","href":"https:\/\/api.w.org\/{rel}","templated":true}]}}