{"id":569,"date":"2025-10-20T13:28:33","date_gmt":"2025-10-20T11:28:33","guid":{"rendered":"https:\/\/diaspora.arhivi.lv\/jaunagaita\/?page_id=569"},"modified":"2025-11-05T14:20:00","modified_gmt":"2025-11-05T12:20:00","slug":"par-izstadi","status":"publish","type":"page","link":"https:\/\/diaspora.arhivi.lv\/jaunagaita\/par-izstadi\/","title":{"rendered":"Par izst\u0101di"},"content":{"rendered":"\n<figure class=\"wp-block-image aligncenter size-large is-resized\"><img loading=\"lazy\" decoding=\"async\" width=\"686\" height=\"1024\" src=\"https:\/\/diaspora.arhivi.lv\/jaunagaita\/wp-content\/uploads\/2025\/10\/IMG_1126-1-686x1024.jpeg\" alt=\"\" class=\"wp-image-838\" style=\"width:364px;height:auto\" srcset=\"https:\/\/diaspora.arhivi.lv\/jaunagaita\/wp-content\/uploads\/2025\/10\/IMG_1126-1-686x1024.jpeg 686w, https:\/\/diaspora.arhivi.lv\/jaunagaita\/wp-content\/uploads\/2025\/10\/IMG_1126-1-201x300.jpeg 201w, https:\/\/diaspora.arhivi.lv\/jaunagaita\/wp-content\/uploads\/2025\/10\/IMG_1126-1.jpeg 1487w\" sizes=\"auto, (max-width: 686px) 100vw, 686px\" \/><\/figure>\n\n\n\n<h2 class=\"wp-block-heading\">Izmantotie avoti<\/h2>\n\n\n\n<p class=\"has-foreground-color has-text-color has-link-color wp-elements-2ac1b9dcda8f3a57d67353f879deb036\"><strong>LNA Latvijas Valsts arh\u012bvs<\/strong><\/p>\n\n\n\n<p class=\"has-foreground-color has-text-color has-link-color wp-elements-1088e61627e5a8c1f642cc76298fc23d\">LNA_LVA_F2123 (Latvie\u0161u studiju centra arh\u012bvs (Kalamaz\u016b, ASV)), LNA_LVA_F2179 (Lambergs Valdem\u0101rs (1905-1973), sabiedriskais darbinieks (ASV) un Lambergs Aristids J\u0113kabs (1934-2010), sabiedriskais darbinieks, (ASV, Latvija)\/\u0123imenes fonds), LNA_LVA_F2191 (Grasis Uldis (dz.1939), sabiedriskais darbinieks, (V\u0101cija): trimdas kult\u016bras dz\u012bve fotogr\u0101fij\u0101s), LNA_LVA_F2470 (Ekmanis Rolfs (1929-2017), literat\u016brzin\u0101tnieks, \u017eurn\u0101la &#8220;Jaun\u0101 Gaita&#8221; galvenais redaktors (ASV)), LNA_LVA_F2927 (\u0100p\u0161e Ed\u012bte (1938-2015), sabiedrisk\u0101 darbiniece (Kan\u0101da)), LNA_LVA_F2253 (Pasaules Br\u012bvo latvie\u0161u apvien\u012bba (PBLA)), LNA_LVA_F2290 (Laikraksta &#8220;Laiks&#8221; redakcija (ASV)), LNA_LVA_F3078 (Apg\u0101ds &#8220;Ce\u013cinieks&#8221; (Kan\u0101da)).<\/p>\n\n\n\n<p class=\"has-foreground-color has-text-color has-link-color wp-elements-1920fa85aa621f7ebd851d1a58f6d2fa\"><strong>&#8220;Latvie\u0161i pasaul\u0113&#8221; \u2013 muzeja un p\u0113tniec\u012bbas centra kr\u0101jums<\/strong><\/p>\n\n\n\n<p class=\"has-foreground-color has-text-color has-link-color wp-elements-c5d105b392cbd1d671d9e72deb84704c\">LP2017.1256, LP2018.2011, LP2018.2014, LP2018.2036, LP2018.2037<\/p>\n\n\n\n<p class=\"has-foreground-color has-text-color has-link-color wp-elements-ec92c1318601c8c6c7f8d32275168b13\"><strong>Latvijas Nacion\u0101lais rakstniec\u012bbas un m\u016bzikas muzejs<\/strong><\/p>\n\n\n\n<p class=\"has-foreground-color has-text-color has-link-color wp-elements-dc05b4647d77c376f93ec26218f3dbd7\">J. Bi\u010d. F3\/38 (691436), O. J\u0113g. K55\/28, (784617), O. J\u0113g. K37\/76 (771587), V. Noll. K2\/2 (784955), L. Mui\u017e. K7\/12 (p134323), G. Zar. F4\/7 (679670), A. Ru\u0146\u0123. F1\/12 (570166<\/p>\n\n\n\n<h2 class=\"wp-block-heading\"><strong>Izst\u0101des veidot\u0101ji<\/strong><\/h2>\n\n\n\n<p class=\"has-foreground-color has-text-color has-link-color wp-elements-5fae4e6e1e255664001b3519725306b9\">Agnija Lesni\u010denoka, LNA Latvijas Valsts arh\u012bvs \u2013 dokumentu atlase, teksti, WEB izstr\u0101de, dizains.<\/p>\n\n\n\n<p class=\"has-foreground-color has-text-color has-link-color wp-elements-a6d536a2c5d974394b31668900101fe0\">Daina Mi\u0137elsone, LNA Latvijas Valsts arh\u012bvs \u2013 dokumentu atlase.<\/p>\n\n\n\n<p class=\"has-foreground-color has-text-color has-link-color wp-elements-63281ae72d66e199f8b705be3ee4be93\">Ilze Ant\u0113na, Latvijas Nacion\u0101lais arh\u012bvs \u2013 tekstu redi\u0123\u0113\u0161ana.<\/p>\n\n\n\n<p class=\"has-foreground-color has-text-color has-link-color wp-elements-d96d7b84dfb5b3b35ac19e88927f1170\">Ainars Mazv\u0113rs\u012btis, LNA Latvijas Valsts arh\u012bvs \u2013 WEB nodro\u0161in\u0101jums.<\/p>\n\n\n\n<p><\/p>\n\n\n\n<h2 class=\"wp-block-heading\">Kontakti:<\/h2>\n\n\n\n<p class=\"has-foreground-color has-text-color has-link-color wp-elements-73cc7996cd7c5edffbd3badaa9f0f928\">agnija.lesnicenoka@arhivi.gov.lv<\/p>\n\n\n\n<p>Copyright \u00a9 2025 Latvijas Nacion\u0101lais Arh\u012bvs<\/p>\n\n\n\n<p><\/p>\n\n\n\n<div class=\"wp-block-columns is-layout-flex wp-container-core-columns-is-layout-28f84493 wp-block-columns-is-layout-flex\">\n<div class=\"wp-block-column is-layout-flow wp-block-column-is-layout-flow\">\n<div class=\"wp-block-buttons is-content-justification-center is-layout-flex wp-container-core-buttons-is-layout-a89b3969 wp-block-buttons-is-layout-flex\">\n<div class=\"wp-block-button has-custom-width wp-block-button__width-75\"><a class=\"wp-block-button__link has-background wp-element-button\" href=\"https:\/\/diaspora.arhivi.lv\/jaunagaita\/\" style=\"background-color:#2b567e\">Uz s\u0101kumu<\/a><\/div>\n<\/div>\n<\/div>\n<\/div>\n\n\n\n<p><\/p>\n","protected":false},"excerpt":{"rendered":"<p>Izmantotie avoti LNA Latvijas Valsts arh\u012bvs LNA_LVA_F2123 (Latvie\u0161u studiju centra arh\u012bvs (Kalamaz\u016b, ASV)), LNA_LVA_F2179 (Lambergs Valdem\u0101rs (1905-1973), sabiedriskais darbinieks (ASV) un Lambergs Aristids J\u0113kabs (1934-2010), sabiedriskais darbinieks, (ASV, Latvija)\/\u0123imenes fonds), LNA_LVA_F2191 (Grasis Uldis (dz.1939), sabiedriskais darbinieks, (V\u0101cija): trimdas kult\u016bras dz\u012bve fotogr\u0101fij\u0101s), LNA_LVA_F2470 (Ekmanis Rolfs (1929-2017), literat\u016brzin\u0101tnieks, \u017eurn\u0101la &#8220;Jaun\u0101 Gaita&#8221; galvenais redaktors (ASV)), LNA_LVA_F2927 (\u0100p\u0161e Ed\u012bte &hellip; <\/p>\n<p class=\"link-more\"><a href=\"https:\/\/diaspora.arhivi.lv\/jaunagaita\/par-izstadi\/\" class=\"more-link\">Read more<span class=\"screen-reader-text\"> &#8220;Par izst\u0101di&#8221;<\/span><\/a><\/p>\n","protected":false},"author":1,"featured_media":0,"parent":0,"menu_order":0,"comment_status":"closed","ping_status":"closed","template":"","meta":{"footnotes":""},"class_list":["post-569","page","type-page","status-publish","hentry"],"_links":{"self":[{"href":"https:\/\/diaspora.arhivi.lv\/jaunagaita\/wp-json\/wp\/v2\/pages\/569","targetHints":{"allow":["GET"]}}],"collection":[{"href":"https:\/\/diaspora.arhivi.lv\/jaunagaita\/wp-json\/wp\/v2\/pages"}],"about":[{"href":"https:\/\/diaspora.arhivi.lv\/jaunagaita\/wp-json\/wp\/v2\/types\/page"}],"author":[{"embeddable":true,"href":"https:\/\/diaspora.arhivi.lv\/jaunagaita\/wp-json\/wp\/v2\/users\/1"}],"replies":[{"embeddable":true,"href":"https:\/\/diaspora.arhivi.lv\/jaunagaita\/wp-json\/wp\/v2\/comments?post=569"}],"version-history":[{"count":13,"href":"https:\/\/diaspora.arhivi.lv\/jaunagaita\/wp-json\/wp\/v2\/pages\/569\/revisions"}],"predecessor-version":[{"id":909,"href":"https:\/\/diaspora.arhivi.lv\/jaunagaita\/wp-json\/wp\/v2\/pages\/569\/revisions\/909"}],"wp:attachment":[{"href":"https:\/\/diaspora.arhivi.lv\/jaunagaita\/wp-json\/wp\/v2\/media?parent=569"}],"curies":[{"name":"wp","href":"https:\/\/api.w.org\/{rel}","templated":true}]}}