{"id":162,"date":"2021-02-17T11:49:34","date_gmt":"2021-02-17T11:49:34","guid":{"rendered":"http:\/\/www.itl.rtu.lv\/agnijas\/?page_id=162"},"modified":"2021-09-27T10:18:35","modified_gmt":"2021-09-27T07:18:35","slug":"about-exhibition-2","status":"publish","type":"page","link":"https:\/\/diaspora.arhivi.lv\/batun\/index.php\/about-exhibition-2\/","title":{"rendered":"PAR IZST\u0100DI"},"content":{"rendered":"\n<h2 class=\"wp-block-heading\"><strong>BATUN dokumentu ce\u013c\u0161 uz Latvijas Nacion\u0101lo arh\u012bvu<\/strong><\/h2>\n\n\n\n<p class=\"has-small-font-size\">BATUN arh\u012bvs ir unik\u0101ls dokumentu kopums, kas uzkr\u0101ts un apkopots \u0145ujork\u0101 50 gadu garum\u0101. BATUN dokumentus \u2013 tekstus, fotogr\u0101fijas, demonstr\u0101cijas plak\u0101tus, Baltijas karogus, datoru diskus \u2013 ir sagatavoju\u0161i amatieri, un dokumenti kop\u0161 2008. gada ar nosaukumu \u201cArh\u012bvs\u201d liel\u0101koties tika glab\u0101ti map\u0113s un lietu skapjos BATUN biroj\u0101. L\u012bdz 2008. gadam bija iekr\u0101ju\u0161ies apm\u0113ram divi desmiti ar dokumentiem piepild\u012btu atvilkt\u0146u.<\/p>\n\n\n\n<p class=\"has-small-font-size\">Arh\u012bv\u0101 nebija visaptvero\u0161as re\u0123istr\u0101cijas sist\u0113mas, kas atvieglotu piek\u013cuvi dokumentiem. No 1966. l\u012bdz 1991. gadam tikai nelielu da\u013cu arh\u012bva, piem\u0113ram, valdes s\u0113\u017eu protokolus, dokumentus, kas saist\u012bti ar ikgad\u0113j\u0101m san\u0101ksm\u0113m, BATUN zi\u0146u izlaidumus, izdevumus \u201cBaltijas hronikas\u201d, k\u0101 ar\u012b zi\u0146ojumus par viz\u012bt\u0113m past\u0101v\u012bgaj\u0101s misij\u0101s \u0145ujork\u0101, sav\u0101m vajadz\u012bb\u0101m izmantoja BATUN birojs un da\u017ei akt\u012bvisti. \u0160ie dokumenti bija lab\u0101 k\u0101rt\u012bb\u0101 un t\u0101p\u0113c visviegl\u0101k pieejami. Tom\u0113r da\u013ca dokumentu glab\u0101j\u0101s novecoju\u0161os datoru diskos vai nesak\u0101rtoti atvilktn\u0113s.<\/p>\n\n\n\n<p class=\"has-small-font-size\">Arh\u012bva saturs laika gait\u0101 ir main\u012bjies. Piem\u0113ram, da\u017ei BATUN dokumenti, iesp\u0113jams, ir izn\u012bcin\u0101ti 1988. gad\u0101, kad BATUN birojs p\u0101rc\u0113l\u0101s uz \u201cDaugavas Vanagu\u201d telp\u0101m. 2008. gad\u0101 arh\u012bvs tika sagatavots p\u0113tniec\u012bbai, vienlaikus izn\u012bcinot no cit\u0101m organiz\u0101cij\u0101m sa\u0146emtas publik\u0101cijas un lielu da\u013cu dokumentu kopijas. No 2010. gada grupa biju\u0161o BATUN akt\u012bvistu \u0145ujork\u0101, ko var\u0113tu d\u0113v\u0113t par \u201cBATUN v\u0113sturniekiem\u201d, s\u0101ka gatavoties BATUN historiogr\u0101fijas rakst\u012b\u0161anai. Grupas s\u0101kotn\u0113jie dal\u012bbnieki bija Heino Ainso, Uldis Blu\u0137is, Anna \u010c\u0101rlza, Mar\u0123ers Pinnis, J\u0101nis Rieksti\u0146\u0161, Ints Rupners un Nensija Umbraza, un historiogr\u0101fijas tap\u0161an\u0101 tika izmantots BATUN arh\u012bvs un pa\u0161u akt\u012bvistu atmi\u0146as.<\/p>\n\n\n\n<p class=\"has-small-font-size\">2019. gad\u0101 BATUN arh\u012bvu nodeva Latvijas Nacion\u0101lajam arh\u012bvam R\u012bg\u0101. D\u0101vin\u0101juma m\u0113r\u0137is bija iepaz\u012bstin\u0101t sabiedr\u012bbu ar BATUN v\u0113sturisko ieguld\u012bjumu centienos inform\u0113t ANO un t\u0101s dal\u012bbvalstis \u0145ujork\u0101 un \u017den\u0113v\u0101 par situ\u0101ciju starptautiskaj\u0101s ties\u012bb\u0101s okup\u0113taj\u0101s Baltijas valst\u012bs. Memorandu par arh\u012bva dokumentu nodo\u0161anu parakst\u012bja visu tr\u012bs Baltijas valstu v\u0113stnieki Apvienoto N\u0101ciju Organiz\u0101cij\u0101 un BATUN p\u0101rst\u0101vji. V\u0113stnieks Andrejs Pildegovi\u010ds, Latvijas past\u0101v\u012bgais p\u0101rst\u0101vis ANO \u0145ujork\u0101, noorganiz\u0113ja BATUN arh\u012bva transport\u0113\u0161anu no \u0145ujorkas uz Latvijas Nacion\u0101lo arh\u012bvu R\u012bg\u0101. BATUN arh\u012bvs glab\u0101jas Latvijas Nacion\u0101l\u0101 arh\u012bva Latvijas Valsts arh\u012bva (Bezdel\u012bgu iel\u0101 1a R\u012bg\u0101) 2944.&nbsp;fond\u0101 (Baltie\u0161u aicin\u0101jums Apvienot\u0101m N\u0101cij\u0101m (BATUN) \/ASV\/).<\/p>\n\n\n\n<h2 class=\"wp-block-heading\">Izmantotie avoti<\/h2>\n\n\n\n<p class=\"has-small-font-size\"><strong>LNA Latvijas Valsts arh\u012bvs<\/strong>:<\/p>\n\n\n\n<p class=\"has-small-font-size\">LNA LVA F.2944 &#8211; Baltie\u0161u aicin\u0101jums Apvienot\u0101m N\u0101cij\u0101m (BATUN) \/ASV\/<\/p>\n\n\n\n<p class=\"has-small-font-size\">LNA LVA F.2579 &#8211; Vallena Dagm\u0101ra (1928 &#8211; 2013), \u017eurn\u0101liste, sabiedrisk\u0101 darbiniece (ASV)<\/p>\n\n\n\n<p class=\"has-small-font-size\"><strong>LNA Latvijas Valsts kinofotofonodokumentu arh\u012bvs:<\/strong><\/p>\n\n\n\n<p class=\"has-small-font-size\">LNA LVA F.2579, A.3v &#8211; Vallena Dagm\u0101ra (1928 &#8211; 2013), \u017eurn\u0101liste, sabiedrisk\u0101 darbiniece (ASV)<\/p>\n\n\n\n<p class=\"has-small-font-size\"><strong>Latvijas Okup\u0101cijas muzejs:<\/strong><\/p>\n\n\n\n<p class=\"has-small-font-size\">Video &#8211; OMF 2300\/2031-2033 (Uldis Blu\u0137is), OMF 2300\/3277-3279 (Ints Rupners), OMF 2300\/3434e (Dzintra Bungs)<\/p>\n\n\n\n<p class=\"has-small-font-size\">Fotogr\u0101fijas &#8211; 51 OMF 20990_7, 57 OMF 20990_13, 59 OMF 20990_15, 66 OMF 20990_22, 79 OMF 20990_35, 82 OMF 20990_38, 89 OMF 8340_49, 98 OMF 8340_58_1<\/p>\n\n\n\n<p class=\"has-small-font-size\"><strong>Latvijas Republikas \u0100rlietu ministrijas arh\u012bva dokumenti<\/strong><\/p>\n\n\n\n<p class=\"has-small-font-size\"><strong>&#8220;A Historiography of BATUN 1961-91&#8221;<\/strong>, Uldis Blu\u0137is, Heino Ainso, Ints Rupners<\/p>\n\n\n\n<h2 class=\"wp-block-heading\">Izst\u0101des komanda<\/h2>\n\n\n\n<p class=\"has-small-font-size\">Agnija Lesni\u010denoka, LNA Latvijas Valsts arh\u012bvs &#8211; projekta koordinatore, teksti, dokumentu atlase, dizains.<\/p>\n\n\n\n<p class=\"has-small-font-size\">Everita Tamme, LNA Latvijas Valsts arh\u012bvs &#8211; dokumentu atlase.<\/p>\n\n\n\n<p class=\"has-small-font-size\">Juta Ristso &#8211; ang\u013cu valodas tekstu redaktore.<\/p>\n\n\n\n<p class=\"has-small-font-size\">Inta Rozenvalde &#8211; latvie\u0161u valodas tekstu redaktore.<\/p>\n\n\n\n<p class=\"has-small-font-size\">Ilze Ant\u0113na, Latvijas Nacion\u0101lais arh\u012bvs &#8211; latvie\u0161u valodas tekstu redaktore.<\/p>\n\n\n\n<p class=\"has-small-font-size\">Guntis \u0160v\u012bti\u0146\u0161, LNA Latvijas Valsts arh\u012bvs &#8211; att\u0113lu apstr\u0101de.<\/p>\n\n\n\n<p class=\"has-small-font-size\">Ainars Mazv\u0113rs\u012btis, LNA Latvijas Valsts arh\u012bvs &#8211; WEB izstr\u0101de.<\/p>\n\n\n\n<p><\/p>\n","protected":false},"excerpt":{"rendered":"<p>BATUN dokumentu ce\u013c\u0161 uz Latvijas Nacion\u0101lo arh\u012bvu BATUN arh\u012bvs ir unik\u0101ls dokumentu kopums, kas uzkr\u0101ts un apkopots \u0145ujork\u0101 50 gadu&hellip;<\/p>\n","protected":false},"author":1,"featured_media":139,"parent":0,"menu_order":0,"comment_status":"closed","ping_status":"closed","template":"","meta":{"footnotes":""},"class_list":["post-162","page","type-page","status-publish","has-post-thumbnail","hentry"],"_links":{"self":[{"href":"https:\/\/diaspora.arhivi.lv\/batun\/index.php\/wp-json\/wp\/v2\/pages\/162","targetHints":{"allow":["GET"]}}],"collection":[{"href":"https:\/\/diaspora.arhivi.lv\/batun\/index.php\/wp-json\/wp\/v2\/pages"}],"about":[{"href":"https:\/\/diaspora.arhivi.lv\/batun\/index.php\/wp-json\/wp\/v2\/types\/page"}],"author":[{"embeddable":true,"href":"https:\/\/diaspora.arhivi.lv\/batun\/index.php\/wp-json\/wp\/v2\/users\/1"}],"replies":[{"embeddable":true,"href":"https:\/\/diaspora.arhivi.lv\/batun\/index.php\/wp-json\/wp\/v2\/comments?post=162"}],"version-history":[{"count":0,"href":"https:\/\/diaspora.arhivi.lv\/batun\/index.php\/wp-json\/wp\/v2\/pages\/162\/revisions"}],"wp:featuredmedia":[{"embeddable":true,"href":"https:\/\/diaspora.arhivi.lv\/batun\/index.php\/wp-json\/wp\/v2\/media\/139"}],"wp:attachment":[{"href":"https:\/\/diaspora.arhivi.lv\/batun\/index.php\/wp-json\/wp\/v2\/media?parent=162"}],"curies":[{"name":"wp","href":"https:\/\/api.w.org\/{rel}","templated":true}]}}